{"id":642,"date":"2022-02-22T13:05:35","date_gmt":"2022-02-22T13:05:35","guid":{"rendered":"https:\/\/rheinfurs.de\/?page_id=642"},"modified":"2025-12-23T12:06:06","modified_gmt":"2025-12-23T12:06:06","slug":"%f0%9f%93%84-impressum","status":"publish","type":"page","link":"https:\/\/rheinfurs.de\/en\/%f0%9f%93%84-impressum\/","title":{"rendered":"\u260e\ufe0f Legal notice"},"content":{"rendered":"<h2 class=\"wp-block-heading\" id=\"angaben-gemass-5-tmg\">Angaben gem\u00e4\u00df \u00a7 5 DDG<\/h2>\n\n\n\n<p>RheinFurs e.V.<br>Vertreten durch: Luna Nickeleit<br>Einsteinstr. 18<br>64331 Weiterstadt<\/p>\n\n\n\n<p>Registergericht: Amtsgericht Mainz<br>Registernummer: VR 42204<\/p>\n\n\n\n<p>USt-IdNr. : DE439830069<\/p>\n\n\n\n<p><strong>Contact us<\/strong><\/p>\n\n\n\n<p>Telefon: 06150\/183343<br>E-Mail: <a href=\"mailto:info@rheinfurs.de\">info@rheinfurs.de<\/a><\/p>\n\n\n\n<h2 class=\"wp-block-heading\" id=\"redaktionell-verantwortlicher\">Editor in charge<\/h2>\n\n\n\n<p>Rheinfurs e.V.<br>Einsteinstr. 18<br>64331 Weiterstadt<\/p>\n\n\n\n<h3 class=\"wp-block-heading\" id=\"haftung-fur-inhalte\">Liability for contents<\/h3>\n\n\n\n<p>Als Diensteanbieter sind wir f\u00fcr eigene Inhalte auf diesen Seiten nach den allgemeinen Gesetzen verantwortlich. Nach \u00a77 DDG sind wir als Diensteanbieter jedoch nicht verpflichtet, \u00fcbermittelte oder gespeicherte fremde Informationen zu \u00fcberwachen oder nach Umst\u00e4nden zu forschen, die auf eine rechtswidrige T\u00e4tigkeit hinweisen. Verpflichtungen zur Entfernung oder Sperrung der Nutzung von Informationen nach den allgemeinen Gesetzen bleiben hiervon unber\u00fchrt. Eine diesbez\u00fcgliche Haftung ist jedoch erst ab dem Zeitpunkt der Kenntnis einer konkreten Rechtsverletzung m\u00f6glich. Bei Bekanntwerden von entsprechenden Rechtsverletzungen werden wir diese Inhalte umgehend entfernen.<\/p>\n\n\n\n<h3 class=\"wp-block-heading\" id=\"haftung-fur-links\">Liability for links<\/h3>\n\n\n\n<p>Our services contain links to external websites of third parties, on whose contents we have no influence. Therefore, we cannot assume any liability for these external contents. The respective provider or operator of the pages is always responsible for the content of the linked pages. The linked pages were checked for possible legal violations at the time of linking. Illegal contents were not recognizable at the time of linking. However, a permanent control of the contents of the linked pages is not reasonable without concrete evidence of a violation of the law. If we become aware of any infringements, we will remove such links immediately.<\/p>\n\n\n\n<h3 class=\"wp-block-heading\" id=\"urheberrecht\">Copyright<\/h3>\n\n\n\n<p>The content and works created by the site operators on these pages are subject to German copyright law. The reproduction, editing, distribution and any kind of exploitation outside the limits of copyright require the written consent of the respective author or creator. Downloads and copies of this site are only permitted for private, non-commercial use. Insofar as the content on this site was not created by the operator, the copyrights of third parties are respected. In particular, third-party content is identified as such. Should you nevertheless become aware of a copyright infringement, please inform us accordingly. If we become aware of any infringements, we will remove such content immediately.<\/p>\n\n\n\n<p><\/p>","protected":false},"excerpt":{"rendered":"<p>Angaben gem\u00e4\u00df \u00a7 5 DDG RheinFurs e.V.Vertreten durch: Luna NickeleitEinsteinstr. 1864331 Weiterstadt Registergericht: Amtsgericht MainzRegisternummer: VR 42204 USt-IdNr. : DE439830069 Kontakt Telefon: 06150\/183343E-Mail: info@rheinfurs.de Redaktionell Verantwortlicher Rheinfurs e.V.Einsteinstr. 1864331 Weiterstadt Haftung f\u00fcr Inhalte Als Diensteanbieter sind wir f\u00fcr eigene Inhalte auf diesen Seiten nach den allgemeinen Gesetzen verantwortlich. Nach \u00a77 DDG sind wir als Diensteanbieter [&hellip;]<\/p>\n","protected":false},"author":1,"featured_media":0,"parent":0,"menu_order":0,"comment_status":"closed","ping_status":"closed","template":"","meta":{"site-sidebar-layout":"default","site-content-layout":"default","ast-site-content-layout":"default","site-content-style":"default","site-sidebar-style":"default","ast-global-header-display":"","ast-banner-title-visibility":"","ast-main-header-display":"","ast-hfb-above-header-display":"","ast-hfb-below-header-display":"","ast-hfb-mobile-header-display":"","site-post-title":"","ast-breadcrumbs-content":"","ast-featured-img":"","footer-sml-layout":"","ast-disable-related-posts":"","theme-transparent-header-meta":"default","adv-header-id-meta":"","stick-header-meta":"","header-above-stick-meta":"","header-main-stick-meta":"","header-below-stick-meta":"","astra-migrate-meta-layouts":"set","ast-page-background-enabled":"default","ast-page-background-meta":{"desktop":{"background-color":"var(--ast-global-color-4)","background-image":"","background-repeat":"repeat","background-position":"center center","background-size":"auto","background-attachment":"scroll","background-type":"","background-media":"","overlay-type":"","overlay-color":"","overlay-opacity":"","overlay-gradient":""},"tablet":{"background-color":"","background-image":"","background-repeat":"repeat","background-position":"center center","background-size":"auto","background-attachment":"scroll","background-type":"","background-media":"","overlay-type":"","overlay-color":"","overlay-opacity":"","overlay-gradient":""},"mobile":{"background-color":"","background-image":"","background-repeat":"repeat","background-position":"center center","background-size":"auto","background-attachment":"scroll","background-type":"","background-media":"","overlay-type":"","overlay-color":"","overlay-opacity":"","overlay-gradient":""}},"ast-content-background-meta":{"desktop":{"background-color":"var(--ast-global-color-5)","background-image":"","background-repeat":"repeat","background-position":"center center","background-size":"auto","background-attachment":"scroll","background-type":"","background-media":"","overlay-type":"","overlay-color":"","overlay-opacity":"","overlay-gradient":""},"tablet":{"background-color":"var(--ast-global-color-5)","background-image":"","background-repeat":"repeat","background-position":"center center","background-size":"auto","background-attachment":"scroll","background-type":"","background-media":"","overlay-type":"","overlay-color":"","overlay-opacity":"","overlay-gradient":""},"mobile":{"background-color":"var(--ast-global-color-5)","background-image":"","background-repeat":"repeat","background-position":"center center","background-size":"auto","background-attachment":"scroll","background-type":"","background-media":"","overlay-type":"","overlay-color":"","overlay-opacity":"","overlay-gradient":""}},"footnotes":""},"class_list":["post-642","page","type-page","status-publish","hentry"],"_links":{"self":[{"href":"https:\/\/rheinfurs.de\/en\/wp-json\/wp\/v2\/pages\/642","targetHints":{"allow":["GET"]}}],"collection":[{"href":"https:\/\/rheinfurs.de\/en\/wp-json\/wp\/v2\/pages"}],"about":[{"href":"https:\/\/rheinfurs.de\/en\/wp-json\/wp\/v2\/types\/page"}],"author":[{"embeddable":true,"href":"https:\/\/rheinfurs.de\/en\/wp-json\/wp\/v2\/users\/1"}],"replies":[{"embeddable":true,"href":"https:\/\/rheinfurs.de\/en\/wp-json\/wp\/v2\/comments?post=642"}],"version-history":[{"count":9,"href":"https:\/\/rheinfurs.de\/en\/wp-json\/wp\/v2\/pages\/642\/revisions"}],"predecessor-version":[{"id":2700,"href":"https:\/\/rheinfurs.de\/en\/wp-json\/wp\/v2\/pages\/642\/revisions\/2700"}],"wp:attachment":[{"href":"https:\/\/rheinfurs.de\/en\/wp-json\/wp\/v2\/media?parent=642"}],"curies":[{"name":"wp","href":"https:\/\/api.w.org\/{rel}","templated":true}]}}